{"id":13,"date":"2024-02-27T17:39:58","date_gmt":"2024-02-27T17:39:58","guid":{"rendered":"https:\/\/delp-heizungsbau.de\/wordpress\/?page_id=13"},"modified":"2024-02-27T20:08:29","modified_gmt":"2024-02-27T20:08:29","slug":"willkommen","status":"publish","type":"page","link":"https:\/\/delp-heizungsbau.de\/?page_id=13","title":{"rendered":"\u00dcber uns"},"content":{"rendered":"Willkommen\r\n\r\n\r\n<p style=\"margin: 0px 0px 9px; font-family: 'Helvetica Neue', Helvetica, Arial, sans-serif; font-size: 13px;\">Schon 1966 hatte sich der ehemalige Gesch\u00e4ftsf\u00fchrer Karl Delp mit seinem Partner Wolfgang Sch\u00f6nefeld unter dem Namen Delp und Sch\u00f6nefeld Heizungsbau selbst\u00e4ndig gemacht. Bis in die 1990er Jahre waren Karl Delp und Wolfgang Sch\u00f6nefeld als Partner in unserem\u00a0 Unternehmen verbunden. Die Firma wurde nach dem Ausscheiden von Herrn Sch\u00f6nefeld in Karl Delp Heizungsbau GmbH umgewandelt.<\/p>\r\n<p style=\"margin: 0px 0px 9px; font-family: 'Helvetica Neue', Helvetica, Arial, sans-serif; font-size: 13px;\">Ein Meister und sieben Fachkr\u00e4fte sind in Planung, Kundendienst und Montage unterwegs. Zur Belegschaft z\u00e4hlen noch ein Auszubildender, eine Angestellte und zwei Aushilfskr\u00e4fte.<\/p>\r\n<p style=\"margin: 0px 0px 9px; font-family: 'Helvetica Neue', Helvetica, Arial, sans-serif; font-size: 13px;\">Angesichts der immer komplexeren Gesetzeslage in der Umweltpolitik und der Begrenztheit fossiler Brennstoffe werden hohe Anspr\u00fcche an die Leistungen unserer Firma gestellt, die wir vor allem mit\u00a0 kompetenter Beratung und\u00a0 gutem Service erf\u00fcllen. Die Palette reicht von herk\u00f6mmlichen Heiztechniken \u00fcber den Bau von Solaranlagen bis hin zur umweltfreundlichen Brennwerttechnik f\u00fcr \u00d6l- und Gasfeuerung. Auch die Erneuerung von \u00d6ltankanlagen f\u00fchren wir aus. W\u00e4rmepumpen und Festbrennstoffkessel werden ebenfalls von uns eingebaut. Unser geschultes Kundendienstteam ist zudem erreichbar, falls technische Schwierigkeiten zu beheben sind. Sanit\u00e4r- und Installationsarbeiten (Badsanierung, Neuinstallationen, Reparaturarbeiten usw.) sowie Spenglerarbeiten\u00a0 f\u00fchren wir ebenfalls fachkundig aus. Durch st\u00e4ndige Weiterbildung sind unsere Besch\u00e4ftigten auch mit modernsten Anlagen und neuen Vorschriften vertraut.<\/p>\r\n<p style=\"margin: 0px 0px 9px; font-family: 'Helvetica Neue', Helvetica, Arial, sans-serif; font-size: 13px;\">Im Jahr 2010 \u00fcbernahm Herr Norbert Leckel als Meister die technische Leitung unseres\u00a0 Betriebes. Ebenfalls 2010 zog sich Herr Karl Delp aus Altersgr\u00fcnden aus dem Gesch\u00e4ft zur\u00fcck und \u00fcbergab die Firma im Jahr 2013 an seine Tochter, Frau Gaby Delp-Werner. Im Zuge dieser Gesch\u00e4fts\u00fcbergabe<\/p>\r\n<p style=\"margin: 0px 0px 9px; font-family: 'Helvetica Neue', Helvetica, Arial, sans-serif; font-size: 13px;\">wurde die Umfirmierung in Karl Delp Heizungs-, Sanit\u00e4r- und Spenglerei GmbH vorgenommen.<\/p>\r\n<p style=\"margin: 0px 0px 9px; font-family: 'Helvetica Neue', Helvetica, Arial, sans-serif; font-size: 13px;\">Frau Delp-Werner und Herr Leckel f\u00fchren unsere Firma in gewohnter Weise weiter. Wir sind bestrebt, die Auftr\u00e4ge zur vollsten Zufriedenheit unserer Kunden auszuf\u00fchren.<\/p>\r\n&nbsp;<!-- \/wp:post-content -->","protected":false},"excerpt":{"rendered":"<p>Willkommen Schon 1966 hatte sich der ehemalige Gesch\u00e4ftsf\u00fchrer Karl Delp mit seinem Partner Wolfgang Sch\u00f6nefeld unter dem Namen Delp und Sch\u00f6nefeld Heizungsbau selbst\u00e4ndig gemacht. Bis in die 1990er Jahre waren Karl Delp und Wolfgang Sch\u00f6nefeld als Partner in unserem\u00a0 Unternehmen verbunden. Die Firma wurde nach dem Ausscheiden von Herrn Sch\u00f6nefeld in Karl Delp Heizungsbau GmbH [&hellip;]<\/p>\n","protected":false},"author":1,"featured_media":0,"parent":0,"menu_order":0,"comment_status":"closed","ping_status":"closed","template":"","meta":{"footnotes":""},"class_list":["post-13","page","type-page","status-publish","hentry"],"_links":{"self":[{"href":"https:\/\/delp-heizungsbau.de\/index.php?rest_route=\/wp\/v2\/pages\/13","targetHints":{"allow":["GET"]}}],"collection":[{"href":"https:\/\/delp-heizungsbau.de\/index.php?rest_route=\/wp\/v2\/pages"}],"about":[{"href":"https:\/\/delp-heizungsbau.de\/index.php?rest_route=\/wp\/v2\/types\/page"}],"author":[{"embeddable":true,"href":"https:\/\/delp-heizungsbau.de\/index.php?rest_route=\/wp\/v2\/users\/1"}],"replies":[{"embeddable":true,"href":"https:\/\/delp-heizungsbau.de\/index.php?rest_route=%2Fwp%2Fv2%2Fcomments&post=13"}],"version-history":[{"count":2,"href":"https:\/\/delp-heizungsbau.de\/index.php?rest_route=\/wp\/v2\/pages\/13\/revisions"}],"predecessor-version":[{"id":70,"href":"https:\/\/delp-heizungsbau.de\/index.php?rest_route=\/wp\/v2\/pages\/13\/revisions\/70"}],"wp:attachment":[{"href":"https:\/\/delp-heizungsbau.de\/index.php?rest_route=%2Fwp%2Fv2%2Fmedia&parent=13"}],"curies":[{"name":"wp","href":"https:\/\/api.w.org\/{rel}","templated":true}]}}